{"id":34,"date":"2020-10-09T16:28:37","date_gmt":"2020-10-09T16:28:37","guid":{"rendered":"http:\/\/cortinasdesign.com?page_id=34"},"modified":"2020-11-07T14:02:21","modified_gmt":"2020-11-07T14:02:21","slug":"categorias","status":"publish","type":"page","link":"https:\/\/cortinasdesign.com\/index.php\/categorias\/","title":{"rendered":"Categor\u00edas"},"content":{"rendered":"\n<p><\/p>\n\n\n\n<div class=\"wp-block-media-text is-stacked-on-mobile is-vertically-aligned-center\"><figure class=\"wp-block-media-text__media\"><img loading=\"lazy\" width=\"800\" height=\"600\" src=\"http:\/\/cortinasdesign.comwp-content\/uploads\/2020\/10\/Tradicional16.jpg\" alt=\"\" class=\"wp-image-87\" srcset=\"https:\/\/cortinasdesign.com\/wp-content\/uploads\/2020\/10\/Tradicional16.jpg 800w, https:\/\/cortinasdesign.com\/wp-content\/uploads\/2020\/10\/Tradicional16-300x225.jpg 300w, https:\/\/cortinasdesign.com\/wp-content\/uploads\/2020\/10\/Tradicional16-768x576.jpg 768w\" sizes=\"(max-width: 800px) 100vw, 800px\" \/><\/figure><div class=\"wp-block-media-text__content\">\n<p class=\"has-medium-font-size\"><strong>Cortina Tradicional<\/strong><\/p>\n\n\n\n<p>Cortina elegante, ideal para&nbsp; que un espacio se sienta m\u00e1s grande, m\u00e1s brillante y m\u00e1s c\u00f3modo.<\/p>\n\n\n\n<p>Existe una gran variedad&nbsp; de dise\u00f1os, colores y texturas&nbsp; en telas visillos, velos llanos, velos corrugados, semipesadas, pesadas y Blackout importados desde Colombia.<\/p>\n<\/div><\/div>\n\n\n\n<p><\/p>\n\n\n\n<div class=\"wp-block-media-text is-stacked-on-mobile is-vertically-aligned-center\"><figure class=\"wp-block-media-text__media\"><img loading=\"lazy\" width=\"619\" height=\"400\" src=\"http:\/\/cortinasdesign.comwp-content\/uploads\/2020\/10\/romana5.jpg\" alt=\"\" class=\"wp-image-63\" srcset=\"https:\/\/cortinasdesign.com\/wp-content\/uploads\/2020\/10\/romana5.jpg 619w, https:\/\/cortinasdesign.com\/wp-content\/uploads\/2020\/10\/romana5-300x194.jpg 300w\" sizes=\"(max-width: 619px) 100vw, 619px\" \/><\/figure><div class=\"wp-block-media-text__content\">\n<p class=\"has-medium-font-size\"><strong>Cortina Romana<\/strong><\/p>\n\n\n\n<p>Cortina funcional y moderna, constituida por un sistema que permite recoger la cortina en pliegues uniformes horizontales sucesivos, debido a que su&nbsp; tela se encuentra dividida en tablones.<\/p>\n\n\n\n<p>Contamos con una gran variedad de telas; las cuales, dan un aspecto moderno y elegante a los ambientes, se adaptan tanto a espacios cl\u00e1sicos como contempor\u00e1neos.<\/p>\n<\/div><\/div>\n\n\n\n<p><\/p>\n\n\n\n<div class=\"wp-block-media-text is-stacked-on-mobile is-vertically-aligned-center\"><figure class=\"wp-block-media-text__media\"><img loading=\"lazy\" width=\"619\" height=\"400\" src=\"http:\/\/cortinasdesign.comwp-content\/uploads\/2020\/10\/enrollable1.jpg\" alt=\"\" class=\"wp-image-81\" srcset=\"https:\/\/cortinasdesign.com\/wp-content\/uploads\/2020\/10\/enrollable1.jpg 619w, https:\/\/cortinasdesign.com\/wp-content\/uploads\/2020\/10\/enrollable1-300x194.jpg 300w\" sizes=\"(max-width: 619px) 100vw, 619px\" \/><\/figure><div class=\"wp-block-media-text__content\">\n<p class=\"has-medium-font-size\"><strong>Cortina Enrollable<\/strong><\/p>\n\n\n\n<p>Cortina funcional y moderna, es la soluci\u00f3n perfecta para cubrir tus ventanas residenciales y corporativas; adapt\u00e1ndose a espacios reducidos y amplios, gracias a su dise\u00f1o plano y sencillo.<\/p>\n\n\n\n<p>A su vez, permite acoplar varios pa\u00f1os con un m\u00ednimo haz de luz.<\/p>\n<\/div><\/div>\n\n\n\n<p><\/p>\n\n\n\n<div class=\"wp-block-media-text is-stacked-on-mobile is-vertically-aligned-center\"><figure class=\"wp-block-media-text__media\"><img loading=\"lazy\" width=\"619\" height=\"400\" src=\"http:\/\/cortinasdesign.comwp-content\/uploads\/2020\/10\/duo1.jpg\" alt=\"\" class=\"wp-image-82\" srcset=\"https:\/\/cortinasdesign.com\/wp-content\/uploads\/2020\/10\/duo1.jpg 619w, https:\/\/cortinasdesign.com\/wp-content\/uploads\/2020\/10\/duo1-300x194.jpg 300w\" sizes=\"(max-width: 619px) 100vw, 619px\" \/><\/figure><div class=\"wp-block-media-text__content\">\n<p class=\"has-medium-font-size\"><strong>Cortina Roller Duo<\/strong><\/p>\n\n\n\n<p>Cortina elegante y contempor\u00e1nea, con accionamiento sumamente sencillo,&nbsp;ideal para cualquier \u00e1rea.<\/p>\n\n\n\n<p>Dise\u00f1ada con franjas horizontales intercaladas trasluz y opacas; la cual, permite conservar visibilidad, as\u00ed como tener privacidad, creando un efecto de cortina d\u00eda y noche.<\/p>\n<\/div><\/div>\n\n\n\n<div class=\"wp-block-media-text is-stacked-on-mobile is-vertically-aligned-center\"><figure class=\"wp-block-media-text__media\"><img loading=\"lazy\" width=\"619\" height=\"400\" src=\"http:\/\/cortinasdesign.comwp-content\/uploads\/2020\/10\/vertical1.jpg\" alt=\"\" class=\"wp-image-83\" srcset=\"https:\/\/cortinasdesign.com\/wp-content\/uploads\/2020\/10\/vertical1.jpg 619w, https:\/\/cortinasdesign.com\/wp-content\/uploads\/2020\/10\/vertical1-300x194.jpg 300w\" sizes=\"(max-width: 619px) 100vw, 619px\" \/><\/figure><div class=\"wp-block-media-text__content\">\n<p class=\"has-medium-font-size\"><strong>Persiana Vertical<\/strong><\/p>\n\n\n\n<p>Cortina moderna y elegante, es una alternativa para renovar los ambientes, dando un aspecto ordenado a tu hogar u oficina.<\/p>\n\n\n\n<p>El giro de sus l\u00e1minas PVC favorecen al control de luz solar, brindando una decoraci\u00f3n c\u00e1lida a los ambientes.<\/p>\n\n\n\n<p>Son muy resistentes e ideales para ventanales grandes.<\/p>\n<\/div><\/div>\n\n\n\n<div class=\"wp-block-media-text is-stacked-on-mobile is-vertically-aligned-center\"><figure class=\"wp-block-media-text__media\"><img loading=\"lazy\" width=\"619\" height=\"400\" src=\"http:\/\/cortinasdesign.comwp-content\/uploads\/2020\/10\/panel1.jpg\" alt=\"\" class=\"wp-image-84\" srcset=\"https:\/\/cortinasdesign.com\/wp-content\/uploads\/2020\/10\/panel1.jpg 619w, https:\/\/cortinasdesign.com\/wp-content\/uploads\/2020\/10\/panel1-300x194.jpg 300w\" sizes=\"(max-width: 619px) 100vw, 619px\" \/><\/figure><div class=\"wp-block-media-text__content\">\n<p class=\"has-medium-font-size\"><strong>Panel Oriental<\/strong><\/p>\n\n\n\n<p>Cortina de elegancia y privacidad, ideal para decorar puertas y ventanas de piso a techo y tambi\u00e9n dividir ambientes, otorgando una sensaci\u00f3n de amplitud.<\/p>\n\n\n\n<p>Se fabrica en rieles, los cuales permiten que la cortina se desplace de forma horizontal, permitiendo una apertura hacia la izquierda, derecha o ambos lados.<\/p>\n<\/div><\/div>\n\n\n\n<p><\/p>\n\n\n\n<div class=\"wp-block-media-text is-stacked-on-mobile is-vertically-aligned-center\"><figure class=\"wp-block-media-text__media\"><img loading=\"lazy\" width=\"619\" height=\"400\" src=\"http:\/\/cortinasdesign.comwp-content\/uploads\/2020\/10\/aluminio1.jpg\" alt=\"\" class=\"wp-image-85\" srcset=\"https:\/\/cortinasdesign.com\/wp-content\/uploads\/2020\/10\/aluminio1.jpg 619w, https:\/\/cortinasdesign.com\/wp-content\/uploads\/2020\/10\/aluminio1-300x194.jpg 300w\" sizes=\"(max-width: 619px) 100vw, 619px\" \/><\/figure><div class=\"wp-block-media-text__content\">\n<p class=\"has-medium-font-size\"><strong>Persiana de Aluminio<\/strong><\/p>\n\n\n\n<p>Cortinas tradicionales, se adaptan a cualquier gusto arquitect\u00f3nico y cuenta con una diversa gama de colores.<\/p>\n\n\n\n<p>Es recomendable para oficinas como en el hogar. Permite graduar la luz acorde al \u00e1ngulo de inclinaci\u00f3n de las l\u00e1minas; lo cual, es perfecto para lograr la privacidad en el interior y visibilidad al exterior.<\/p>\n<\/div><\/div>\n\n\n\n<p><\/p>\n\n\n\n<div class=\"wp-block-media-text is-stacked-on-mobile is-vertically-aligned-center\"><figure class=\"wp-block-media-text__media\"><img loading=\"lazy\" width=\"400\" height=\"300\" src=\"http:\/\/cortinasdesign.comwp-content\/uploads\/2020\/10\/horizontal-madera.jpg\" alt=\"\" class=\"wp-image-86\" srcset=\"https:\/\/cortinasdesign.com\/wp-content\/uploads\/2020\/10\/horizontal-madera.jpg 400w, https:\/\/cortinasdesign.com\/wp-content\/uploads\/2020\/10\/horizontal-madera-300x225.jpg 300w\" sizes=\"(max-width: 400px) 100vw, 400px\" \/><\/figure><div class=\"wp-block-media-text__content\">\n<p class=\"has-medium-font-size\"><strong>Persiana de Madera<\/strong><\/p>\n\n\n\n<p>Cortinas para terrazas y ventanas con un toque cl\u00e1sico, ideales para crear un ambiente natural y&nbsp;un&nbsp;espacio agradable.<\/p>\n\n\n\n<p>Permiten controlar gradualmente la entrada de luz&nbsp; y est\u00e1n elaboradas en l\u00e1minas de PVC con un acabado que imita la madera, es la soluci\u00f3n perfecta para quienes buscan la apariencia de la madera a un costo moderado.<\/p>\n<\/div><\/div>\n\n\n\n<p><\/p>\n\n\n\n<div class=\"wp-block-media-text is-stacked-on-mobile is-vertically-aligned-center\"><figure class=\"wp-block-media-text__media\"><img loading=\"lazy\" width=\"800\" height=\"600\" src=\"http:\/\/cortinasdesign.comwp-content\/uploads\/2020\/10\/tapiceria2.jpg\" alt=\"\" class=\"wp-image-88\" srcset=\"https:\/\/cortinasdesign.com\/wp-content\/uploads\/2020\/10\/tapiceria2.jpg 800w, https:\/\/cortinasdesign.com\/wp-content\/uploads\/2020\/10\/tapiceria2-300x225.jpg 300w, https:\/\/cortinasdesign.com\/wp-content\/uploads\/2020\/10\/tapiceria2-768x576.jpg 768w\" sizes=\"(max-width: 800px) 100vw, 800px\" \/><\/figure><div class=\"wp-block-media-text__content\">\n<p class=\"has-medium-font-size\"><strong>Tela para Tapicer\u00eda<\/strong><\/p>\n\n\n\n<p>Las telas para tapizar son un recurso que se utiliza para renovar muebles o lograr un estilo diferente en los ambientes del hogar o la oficina.<\/p>\n\n\n\n<p>Es importante que al momento de escoger tenga en cuenta las caracter\u00edsticas de cada espacio.<\/p>\n<\/div><\/div>\n\n\n\n<p><\/p>\n\n\n\n<div class=\"wp-block-media-text is-stacked-on-mobile is-vertically-aligned-center\"><figure class=\"wp-block-media-text__media\"><img loading=\"lazy\" width=\"558\" height=\"493\" src=\"http:\/\/cortinasdesign.comwp-content\/uploads\/2020\/10\/cenefa1.jpg\" alt=\"\" class=\"wp-image-89\" srcset=\"https:\/\/cortinasdesign.com\/wp-content\/uploads\/2020\/10\/cenefa1.jpg 558w, https:\/\/cortinasdesign.com\/wp-content\/uploads\/2020\/10\/cenefa1-300x265.jpg 300w\" sizes=\"(max-width: 558px) 100vw, 558px\" \/><\/figure><div class=\"wp-block-media-text__content\">\n<p class=\"has-medium-font-size\"><strong>Cenefa de Madera<\/strong><\/p>\n\n\n\n<p>Es un accesorio de decoraci\u00f3n muy elegante que se coloca en la parte superior de la cortina.<\/p>\n\n\n\n<p>Existen diferentes dise\u00f1os de cenefas, las mismas pueden fabricarse con labores o llanas.<\/p>\n<\/div><\/div>\n","protected":false},"excerpt":{"rendered":"<p>Cortina Tradicional Cortina elegante, ideal para&nbsp; que un espacio se sienta m\u00e1s grande, m\u00e1s brillante y m\u00e1s c\u00f3modo. Existe una&hellip;<\/p>\n","protected":false},"author":1,"featured_media":0,"parent":0,"menu_order":0,"comment_status":"closed","ping_status":"closed","template":"","meta":[],"_links":{"self":[{"href":"https:\/\/cortinasdesign.com\/index.php\/wp-json\/wp\/v2\/pages\/34"}],"collection":[{"href":"https:\/\/cortinasdesign.com\/index.php\/wp-json\/wp\/v2\/pages"}],"about":[{"href":"https:\/\/cortinasdesign.com\/index.php\/wp-json\/wp\/v2\/types\/page"}],"author":[{"embeddable":true,"href":"https:\/\/cortinasdesign.com\/index.php\/wp-json\/wp\/v2\/users\/1"}],"replies":[{"embeddable":true,"href":"https:\/\/cortinasdesign.com\/index.php\/wp-json\/wp\/v2\/comments?post=34"}],"version-history":[{"count":11,"href":"https:\/\/cortinasdesign.com\/index.php\/wp-json\/wp\/v2\/pages\/34\/revisions"}],"predecessor-version":[{"id":140,"href":"https:\/\/cortinasdesign.com\/index.php\/wp-json\/wp\/v2\/pages\/34\/revisions\/140"}],"wp:attachment":[{"href":"https:\/\/cortinasdesign.com\/index.php\/wp-json\/wp\/v2\/media?parent=34"}],"curies":[{"name":"wp","href":"https:\/\/api.w.org\/{rel}","templated":true}]}}